{"id":163,"date":"2021-01-31T16:33:27","date_gmt":"2021-01-31T16:33:27","guid":{"rendered":"https:\/\/psicopedagogiaenred.com\/?page_id=163"},"modified":"2021-01-31T17:12:06","modified_gmt":"2021-01-31T17:12:06","slug":"certificacion-en-psicopedagogia-clinica","status":"publish","type":"page","link":"https:\/\/psicopedagogiaenred.com\/index.php\/certificacion-en-psicopedagogia-clinica\/","title":{"rendered":"Certificaci\u00f3n en Psicopedagog\u00eda Cl\u00ednica"},"content":{"rendered":"\n<p>La&nbsp;Psicopedagog\u00eda Cl\u00ednica&nbsp;se dedica al diagn\u00f3stico y tratamiento de ni\u00f1os, adolescentes y adultos con dificultades en el aprendizaje.&nbsp;<\/p>\n\n\n\n<p>Desde <strong>PsicopedagogiaEnRed<\/strong> pensamos en un sujeto que se constituye en el v\u00ednculo con otros y construye conocimientos de modo singular.<\/p>\n\n\n\n<p>El sujeto que aprende, cualquiera sea su edad, su inserci\u00f3n institucional, su condici\u00f3n social, cultural y familiar tiene un modo de aprender que estar\u00e1\u00a0condicionado por las diferentes situaciones de encuentro con figuras ense\u00f1antes que tenga durante su vida.<\/p>\n","protected":false},"excerpt":{"rendered":"<p>La&nbsp;Psicopedagog\u00eda Cl\u00ednica&nbsp;se dedica al diagn\u00f3stico y tratamiento de ni\u00f1os, adolescentes y adultos con dificultades en el aprendizaje.&nbsp; Desde PsicopedagogiaEnRed pensamos en un sujeto que se constituye en el v\u00ednculo con otros y construye conocimientos de modo singular. El sujeto que aprende, cualquiera sea su edad, su inserci\u00f3n institucional, su condici\u00f3n social, cultural y familiar tiene [&hellip;]<\/p>\n","protected":false},"author":1,"featured_media":0,"parent":0,"menu_order":0,"comment_status":"closed","ping_status":"closed","template":"","meta":{"footnotes":""},"class_list":["post-163","page","type-page","status-publish","hentry"],"_links":{"self":[{"href":"https:\/\/psicopedagogiaenred.com\/index.php\/wp-json\/wp\/v2\/pages\/163","targetHints":{"allow":["GET"]}}],"collection":[{"href":"https:\/\/psicopedagogiaenred.com\/index.php\/wp-json\/wp\/v2\/pages"}],"about":[{"href":"https:\/\/psicopedagogiaenred.com\/index.php\/wp-json\/wp\/v2\/types\/page"}],"author":[{"embeddable":true,"href":"https:\/\/psicopedagogiaenred.com\/index.php\/wp-json\/wp\/v2\/users\/1"}],"replies":[{"embeddable":true,"href":"https:\/\/psicopedagogiaenred.com\/index.php\/wp-json\/wp\/v2\/comments?post=163"}],"version-history":[{"count":4,"href":"https:\/\/psicopedagogiaenred.com\/index.php\/wp-json\/wp\/v2\/pages\/163\/revisions"}],"predecessor-version":[{"id":195,"href":"https:\/\/psicopedagogiaenred.com\/index.php\/wp-json\/wp\/v2\/pages\/163\/revisions\/195"}],"wp:attachment":[{"href":"https:\/\/psicopedagogiaenred.com\/index.php\/wp-json\/wp\/v2\/media?parent=163"}],"curies":[{"name":"wp","href":"https:\/\/api.w.org\/{rel}","templated":true}]}}