{"id":176,"date":"2021-01-31T16:58:55","date_gmt":"2021-01-31T16:58:55","guid":{"rendered":"https:\/\/psicopedagogiaenred.com\/?page_id=176"},"modified":"2021-01-31T17:19:07","modified_gmt":"2021-01-31T17:19:07","slug":"diplomado-en-psicopedagogia-sc-jf","status":"publish","type":"page","link":"https:\/\/psicopedagogiaenred.com\/index.php\/diplomado-en-psicopedagogia-sc-jf\/","title":{"rendered":"Diplomado en Psicopedagog\u00eda SC-JF"},"content":{"rendered":"\n<p>La Psicopedagog\u00eda Social-Comunitaria y Jur\u00eddica-Forense nos permite comprender, acompa\u00f1ar y elaborar diferentes estrategias que generen mejores condiciones de aprendizaje y de vida, para aquellas personas (siendo las etapas tempranas las mas vulnerables) que atraviesan problem\u00e1ticas tales como: violencia familiar y social, adicciones, situaciones de abandono, pobreza, violaci\u00f3n de los derechos humanos y del ni\u00f1o.<\/p>\n\n\n\n<p>Como Profesionales de la Psicopedagog\u00eda debemos preguntarnos \u00bfqu\u00e9 hacer? y \u00bfc\u00f3mo hacer? con esta realidad dif\u00edcil y dar respuesta al compromiso \u00e9tico que hemos asumido con la Educaci\u00f3n, la Salud y el Hombre.<\/p>\n\n\n\n<p>Es nuestro objetivo brindar contenidos te\u00f3ricos que posibiliten la comprensi\u00f3n del quehacer de la Psicopedagog\u00eda Social y Forense. Conocer los diferentes \u00e1mbitos de inserci\u00f3n laboral y funciones en cada uno de ellos, como tambi\u00e9n las normas legales vigentes vinculadas a este campo de acci\u00f3n.<\/p>\n\n\n\n<script charset=\"utf-8\" type=\"text\/javascript\" src=\"\/\/js.hsforms.net\/forms\/shell.js\"><\/script>\n<script>\n  hbspt.forms.create({\n\tportalId: \"5970332\",\n\tformId: \"69ab28af-479d-49e8-a0c5-2883442e9c0e\"\n});\n<\/script>\n","protected":false},"excerpt":{"rendered":"<p>La Psicopedagog\u00eda Social-Comunitaria y Jur\u00eddica-Forense nos permite comprender, acompa\u00f1ar y elaborar diferentes estrategias que generen mejores condiciones de aprendizaje y de vida, para aquellas personas (siendo las etapas tempranas las mas vulnerables) que atraviesan problem\u00e1ticas tales como: violencia familiar y social, adicciones, situaciones de abandono, pobreza, violaci\u00f3n de los derechos humanos y del ni\u00f1o. Como [&hellip;]<\/p>\n","protected":false},"author":1,"featured_media":0,"parent":0,"menu_order":0,"comment_status":"closed","ping_status":"closed","template":"","meta":{"footnotes":""},"class_list":["post-176","page","type-page","status-publish","hentry"],"_links":{"self":[{"href":"https:\/\/psicopedagogiaenred.com\/index.php\/wp-json\/wp\/v2\/pages\/176","targetHints":{"allow":["GET"]}}],"collection":[{"href":"https:\/\/psicopedagogiaenred.com\/index.php\/wp-json\/wp\/v2\/pages"}],"about":[{"href":"https:\/\/psicopedagogiaenred.com\/index.php\/wp-json\/wp\/v2\/types\/page"}],"author":[{"embeddable":true,"href":"https:\/\/psicopedagogiaenred.com\/index.php\/wp-json\/wp\/v2\/users\/1"}],"replies":[{"embeddable":true,"href":"https:\/\/psicopedagogiaenred.com\/index.php\/wp-json\/wp\/v2\/comments?post=176"}],"version-history":[{"count":4,"href":"https:\/\/psicopedagogiaenred.com\/index.php\/wp-json\/wp\/v2\/pages\/176\/revisions"}],"predecessor-version":[{"id":201,"href":"https:\/\/psicopedagogiaenred.com\/index.php\/wp-json\/wp\/v2\/pages\/176\/revisions\/201"}],"wp:attachment":[{"href":"https:\/\/psicopedagogiaenred.com\/index.php\/wp-json\/wp\/v2\/media?parent=176"}],"curies":[{"name":"wp","href":"https:\/\/api.w.org\/{rel}","templated":true}]}}